{"id":14873,"date":"2022-02-08T20:05:19","date_gmt":"2022-02-08T20:05:19","guid":{"rendered":"https:\/\/barneleker.no\/index.php\/product\/lego-dots-41926-kreativt-festsett\/"},"modified":"2026-04-17T09:51:10","modified_gmt":"2026-04-17T09:51:10","slug":"lego-dots-41926-kreativt-festsett","status":"publish","type":"product","link":"https:\/\/barneleker.no\/index.php\/product\/lego-dots-41926-kreativt-festsett\/","title":{"rendered":"LEGO DOTS 41926, Kreativt festsett"},"content":{"rendered":"<p>Med det g\u00f8yale settet LEGO\u00ae DOTS Kreativt festsett (41926) kan du gi hobbysett-interesserte barn \u00e5rhundrets fest! Jenter og gutter kan lage de lettbygde cupcakene f\u00f8r de dekorerer dem p\u00e5 fargerikt vis. L\u00f8ft av glasuren for \u00e5 f\u00e5 tilgang til et hemmelig rom, hvor godteri eller sm\u00e5 overraskelser kan gjemmes.  Det er LEGO DOTS fest! Dette kreative settet inkluderer \u00e5tte cupcaker som kan tilpasses, samt mange fliser, lys og klistremerker som barn kan bruke for \u00e5 lage perfekte cupcaker. Settet inkluderer ogs\u00e5 ideer til hvordan foreldre kan arrangere verdens beste fest for barnet sitt.  Moro for barn som liker hobbysett De kan dekorere cupcakene slik de selv vil og dele designm\u00f8nstre med vennene sine. De fargerike cupcakene er en perfekt bursdagsgave som kombinerer barns kreative skaperkraft med g\u00f8yal festunderholdning.<\/p>\n","protected":false},"excerpt":{"rendered":"<p>Med det g\u00f8yale settet LEGO\u00ae DOTS Kreativt festsett (41926) kan du gi hobbysett-interesserte barn \u00e5rhundrets fest! Jenter og gutter kan lage de lettbygde cupcakene f\u00f8r&hellip;<\/p>\n","protected":false},"featured_media":14872,"comment_status":"open","ping_status":"closed","template":"","meta":[],"product_brand":[],"product_cat":[340],"product_tag":[],"class_list":{"0":"post-14873","1":"product","2":"type-product","3":"status-publish","4":"has-post-thumbnail","6":"product_cat-set","8":"first","9":"instock","10":"shipping-taxable","11":"product-type-external","12":"customify-col"},"yoast_head":"<!-- This site is optimized with the Yoast SEO plugin v26.0 - https:\/\/yoast.com\/wordpress\/plugins\/seo\/ -->\n<title>LEGO DOTS 41926, Kreativt festsett - Barneleker.no<\/title>\n<meta name=\"robots\" content=\"index, follow, max-snippet:-1, max-image-preview:large, max-video-preview:-1\" \/>\n<link rel=\"canonical\" href=\"https:\/\/barneleker.no\/index.php\/product\/lego-dots-41926-kreativt-festsett\/\" \/>\n<meta property=\"og:locale\" content=\"nb_NO\" \/>\n<meta property=\"og:type\" content=\"article\" \/>\n<meta property=\"og:title\" content=\"LEGO DOTS 41926, Kreativt festsett - Barneleker.no\" \/>\n<meta property=\"og:description\" content=\"Med det g\u00f8yale settet LEGO\u00ae DOTS Kreativt festsett (41926) kan du gi hobbysett-interesserte barn \u00e5rhundrets fest! Jenter og gutter kan lage de lettbygde cupcakene f\u00f8r&hellip;\" \/>\n<meta property=\"og:url\" content=\"https:\/\/barneleker.no\/index.php\/product\/lego-dots-41926-kreativt-festsett\/\" \/>\n<meta property=\"og:site_name\" content=\"Barneleker.no\" \/>\n<meta property=\"article:modified_time\" content=\"2026-04-17T09:51:10+00:00\" \/>\n<meta name=\"twitter:card\" content=\"summary_large_image\" \/>\n<meta name=\"twitter:label1\" content=\"Ansl. lesetid\" \/>\n\t<meta name=\"twitter:data1\" content=\"1 minutt\" \/>\n<script type=\"application\/ld+json\" class=\"yoast-schema-graph\">{\"@context\":\"https:\/\/schema.org\",\"@graph\":[{\"@type\":\"WebPage\",\"@id\":\"https:\/\/barneleker.no\/index.php\/product\/lego-dots-41926-kreativt-festsett\/\",\"url\":\"https:\/\/barneleker.no\/index.php\/product\/lego-dots-41926-kreativt-festsett\/\",\"name\":\"LEGO DOTS 41926, Kreativt festsett - Barneleker.no\",\"isPartOf\":{\"@id\":\"https:\/\/barneleker.no\/#website\"},\"primaryImageOfPage\":{\"@id\":\"https:\/\/barneleker.no\/index.php\/product\/lego-dots-41926-kreativt-festsett\/#primaryimage\"},\"image\":{\"@id\":\"https:\/\/barneleker.no\/index.php\/product\/lego-dots-41926-kreativt-festsett\/#primaryimage\"},\"thumbnailUrl\":\"https:\/\/barneleker.no\/wp-content\/uploads\/2022\/02\/lego-dots-41926-kreativt-festsett.jpg\",\"datePublished\":\"2022-02-08T20:05:19+00:00\",\"dateModified\":\"2026-04-17T09:51:10+00:00\",\"breadcrumb\":{\"@id\":\"https:\/\/barneleker.no\/index.php\/product\/lego-dots-41926-kreativt-festsett\/#breadcrumb\"},\"inLanguage\":\"nb-NO\",\"potentialAction\":[{\"@type\":\"ReadAction\",\"target\":[\"https:\/\/barneleker.no\/index.php\/product\/lego-dots-41926-kreativt-festsett\/\"]}]},{\"@type\":\"ImageObject\",\"inLanguage\":\"nb-NO\",\"@id\":\"https:\/\/barneleker.no\/index.php\/product\/lego-dots-41926-kreativt-festsett\/#primaryimage\",\"url\":\"https:\/\/barneleker.no\/wp-content\/uploads\/2022\/02\/lego-dots-41926-kreativt-festsett.jpg\",\"contentUrl\":\"https:\/\/barneleker.no\/wp-content\/uploads\/2022\/02\/lego-dots-41926-kreativt-festsett.jpg\",\"width\":555,\"height\":555},{\"@type\":\"BreadcrumbList\",\"@id\":\"https:\/\/barneleker.no\/index.php\/product\/lego-dots-41926-kreativt-festsett\/#breadcrumb\",\"itemListElement\":[{\"@type\":\"ListItem\",\"position\":1,\"name\":\"Butikken\",\"item\":\"https:\/\/barneleker.no\/\"},{\"@type\":\"ListItem\",\"position\":2,\"name\":\"LEGO DOTS 41926, Kreativt festsett\"}]},{\"@type\":\"WebSite\",\"@id\":\"https:\/\/barneleker.no\/#website\",\"url\":\"https:\/\/barneleker.no\/\",\"name\":\"Barneleker.no\",\"description\":\"Selvf\u00f8lgelig!\",\"publisher\":{\"@id\":\"https:\/\/barneleker.no\/#organization\"},\"potentialAction\":[{\"@type\":\"SearchAction\",\"target\":{\"@type\":\"EntryPoint\",\"urlTemplate\":\"https:\/\/barneleker.no\/?s={search_term_string}\"},\"query-input\":{\"@type\":\"PropertyValueSpecification\",\"valueRequired\":true,\"valueName\":\"search_term_string\"}}],\"inLanguage\":\"nb-NO\"},{\"@type\":\"Organization\",\"@id\":\"https:\/\/barneleker.no\/#organization\",\"name\":\"Barneleker.no\",\"url\":\"https:\/\/barneleker.no\/\",\"logo\":{\"@type\":\"ImageObject\",\"inLanguage\":\"nb-NO\",\"@id\":\"https:\/\/barneleker.no\/#\/schema\/logo\/image\/\",\"url\":\"https:\/\/barneleker.no\/wp-content\/uploads\/2021\/11\/barneleker_logo-780x150-1.jpg\",\"contentUrl\":\"https:\/\/barneleker.no\/wp-content\/uploads\/2021\/11\/barneleker_logo-780x150-1.jpg\",\"width\":780,\"height\":150,\"caption\":\"Barneleker.no\"},\"image\":{\"@id\":\"https:\/\/barneleker.no\/#\/schema\/logo\/image\/\"}}]}<\/script>\n<!-- \/ Yoast SEO plugin. -->","yoast_head_json":{"title":"LEGO DOTS 41926, Kreativt festsett - Barneleker.no","robots":{"index":"index","follow":"follow","max-snippet":"max-snippet:-1","max-image-preview":"max-image-preview:large","max-video-preview":"max-video-preview:-1"},"canonical":"https:\/\/barneleker.no\/index.php\/product\/lego-dots-41926-kreativt-festsett\/","og_locale":"nb_NO","og_type":"article","og_title":"LEGO DOTS 41926, Kreativt festsett - Barneleker.no","og_description":"Med det g\u00f8yale settet LEGO\u00ae DOTS Kreativt festsett (41926) kan du gi hobbysett-interesserte barn \u00e5rhundrets fest! Jenter og gutter kan lage de lettbygde cupcakene f\u00f8r&hellip;","og_url":"https:\/\/barneleker.no\/index.php\/product\/lego-dots-41926-kreativt-festsett\/","og_site_name":"Barneleker.no","article_modified_time":"2026-04-17T09:51:10+00:00","twitter_card":"summary_large_image","twitter_misc":{"Ansl. lesetid":"1 minutt"},"schema":{"@context":"https:\/\/schema.org","@graph":[{"@type":"WebPage","@id":"https:\/\/barneleker.no\/index.php\/product\/lego-dots-41926-kreativt-festsett\/","url":"https:\/\/barneleker.no\/index.php\/product\/lego-dots-41926-kreativt-festsett\/","name":"LEGO DOTS 41926, Kreativt festsett - Barneleker.no","isPartOf":{"@id":"https:\/\/barneleker.no\/#website"},"primaryImageOfPage":{"@id":"https:\/\/barneleker.no\/index.php\/product\/lego-dots-41926-kreativt-festsett\/#primaryimage"},"image":{"@id":"https:\/\/barneleker.no\/index.php\/product\/lego-dots-41926-kreativt-festsett\/#primaryimage"},"thumbnailUrl":"https:\/\/barneleker.no\/wp-content\/uploads\/2022\/02\/lego-dots-41926-kreativt-festsett.jpg","datePublished":"2022-02-08T20:05:19+00:00","dateModified":"2026-04-17T09:51:10+00:00","breadcrumb":{"@id":"https:\/\/barneleker.no\/index.php\/product\/lego-dots-41926-kreativt-festsett\/#breadcrumb"},"inLanguage":"nb-NO","potentialAction":[{"@type":"ReadAction","target":["https:\/\/barneleker.no\/index.php\/product\/lego-dots-41926-kreativt-festsett\/"]}]},{"@type":"ImageObject","inLanguage":"nb-NO","@id":"https:\/\/barneleker.no\/index.php\/product\/lego-dots-41926-kreativt-festsett\/#primaryimage","url":"https:\/\/barneleker.no\/wp-content\/uploads\/2022\/02\/lego-dots-41926-kreativt-festsett.jpg","contentUrl":"https:\/\/barneleker.no\/wp-content\/uploads\/2022\/02\/lego-dots-41926-kreativt-festsett.jpg","width":555,"height":555},{"@type":"BreadcrumbList","@id":"https:\/\/barneleker.no\/index.php\/product\/lego-dots-41926-kreativt-festsett\/#breadcrumb","itemListElement":[{"@type":"ListItem","position":1,"name":"Butikken","item":"https:\/\/barneleker.no\/"},{"@type":"ListItem","position":2,"name":"LEGO DOTS 41926, Kreativt festsett"}]},{"@type":"WebSite","@id":"https:\/\/barneleker.no\/#website","url":"https:\/\/barneleker.no\/","name":"Barneleker.no","description":"Selvf\u00f8lgelig!","publisher":{"@id":"https:\/\/barneleker.no\/#organization"},"potentialAction":[{"@type":"SearchAction","target":{"@type":"EntryPoint","urlTemplate":"https:\/\/barneleker.no\/?s={search_term_string}"},"query-input":{"@type":"PropertyValueSpecification","valueRequired":true,"valueName":"search_term_string"}}],"inLanguage":"nb-NO"},{"@type":"Organization","@id":"https:\/\/barneleker.no\/#organization","name":"Barneleker.no","url":"https:\/\/barneleker.no\/","logo":{"@type":"ImageObject","inLanguage":"nb-NO","@id":"https:\/\/barneleker.no\/#\/schema\/logo\/image\/","url":"https:\/\/barneleker.no\/wp-content\/uploads\/2021\/11\/barneleker_logo-780x150-1.jpg","contentUrl":"https:\/\/barneleker.no\/wp-content\/uploads\/2021\/11\/barneleker_logo-780x150-1.jpg","width":780,"height":150,"caption":"Barneleker.no"},"image":{"@id":"https:\/\/barneleker.no\/#\/schema\/logo\/image\/"}}]}},"_links":{"self":[{"href":"https:\/\/barneleker.no\/index.php\/wp-json\/wp\/v2\/product\/14873","targetHints":{"allow":["GET"]}}],"collection":[{"href":"https:\/\/barneleker.no\/index.php\/wp-json\/wp\/v2\/product"}],"about":[{"href":"https:\/\/barneleker.no\/index.php\/wp-json\/wp\/v2\/types\/product"}],"replies":[{"embeddable":true,"href":"https:\/\/barneleker.no\/index.php\/wp-json\/wp\/v2\/comments?post=14873"}],"wp:featuredmedia":[{"embeddable":true,"href":"https:\/\/barneleker.no\/index.php\/wp-json\/wp\/v2\/media\/14872"}],"wp:attachment":[{"href":"https:\/\/barneleker.no\/index.php\/wp-json\/wp\/v2\/media?parent=14873"}],"wp:term":[{"taxonomy":"product_brand","embeddable":true,"href":"https:\/\/barneleker.no\/index.php\/wp-json\/wp\/v2\/product_brand?post=14873"},{"taxonomy":"product_cat","embeddable":true,"href":"https:\/\/barneleker.no\/index.php\/wp-json\/wp\/v2\/product_cat?post=14873"},{"taxonomy":"product_tag","embeddable":true,"href":"https:\/\/barneleker.no\/index.php\/wp-json\/wp\/v2\/product_tag?post=14873"}],"curies":[{"name":"wp","href":"https:\/\/api.w.org\/{rel}","templated":true}]}}