{"id":14879,"date":"2022-02-08T20:05:22","date_gmt":"2022-02-08T20:05:22","guid":{"rendered":"https:\/\/barneleker.no\/index.php\/product\/my-little-pony-my-little-pony-rainbow-reveal-sunny\/"},"modified":"2026-05-08T07:26:00","modified_gmt":"2026-05-08T07:26:00","slug":"my-little-pony-my-little-pony-rainbow-reveal-sunny","status":"publish","type":"product","link":"https:\/\/barneleker.no\/index.php\/product\/my-little-pony-my-little-pony-rainbow-reveal-sunny\/","title":{"rendered":"My Little Pony My little pony, Rainbow Reveal Sunny"},"content":{"rendered":"<p>Bli kjent med Sunny Starscout, en jordpony fra Maretime Bay! Sunny er nysgjerrig, eventyrlystne og fast bestemt p\u00e5 \u00e5 gj\u00f8re verden til et bedre sted. Tenk deg \u00e5 oppleve en fargerik regnbue overraskelse under hennes karakteristiske flettet med solfylte stjerner, inspirert av filmen min lille pony: en ny generasjon. Inkluderer en 15 cm h\u00f8y oransje Sunny Starscout Pony Figur med et tegn inspirert cutiemark i form av en stjerne side p\u00e5 den ene siden. Figuren har mykt lang rosa h\u00e5r som er herlig \u00e5 leke med! Den medf\u00f8lgende flettestedet kan brukes til \u00e5 forme h\u00e5ret til en flett og avsl\u00f8re et fargerikt regnbue m\u00f8nster. Den leveres med 17 tilbeh\u00f8r til h\u00e5ret og historien. Tilpass Sunnys Se med klemmene, h\u00e5rbandet og armb\u00e5ndet, plasser hennes film-inspirerte dagbok i den ikoniske sadelposen og deretter dekorere alt med klistremerker! Nye og gamle fans kan fantasere om opplevelser med leker og gaver fra min lille ponny: en ny generasjon til barn fra 5 \u00e5r og oppover. Min lille ponny og alle relaterte tall er varemerker for Hasbro.<\/p>\n","protected":false},"excerpt":{"rendered":"<p>Bli kjent med Sunny Starscout, en jordpony fra Maretime Bay! Sunny er nysgjerrig, eventyrlystne og fast bestemt p\u00e5 \u00e5 gj\u00f8re verden til et bedre sted.&hellip;<\/p>\n","protected":false},"featured_media":14878,"comment_status":"open","ping_status":"closed","template":"","meta":[],"product_brand":[],"product_cat":[352],"product_tag":[],"class_list":{"0":"post-14879","1":"product","2":"type-product","3":"status-publish","4":"has-post-thumbnail","6":"product_cat-figurer-roboter","8":"first","9":"instock","10":"shipping-taxable","11":"product-type-external","12":"customify-col"},"yoast_head":"<!-- This site is optimized with the Yoast SEO plugin v26.0 - https:\/\/yoast.com\/wordpress\/plugins\/seo\/ -->\n<title>My Little Pony My little pony, Rainbow Reveal Sunny - Barneleker.no<\/title>\n<meta name=\"robots\" content=\"index, follow, max-snippet:-1, max-image-preview:large, max-video-preview:-1\" \/>\n<link rel=\"canonical\" href=\"https:\/\/barneleker.no\/index.php\/product\/my-little-pony-my-little-pony-rainbow-reveal-sunny\/\" \/>\n<meta property=\"og:locale\" content=\"nb_NO\" \/>\n<meta property=\"og:type\" content=\"article\" \/>\n<meta property=\"og:title\" content=\"My Little Pony My little pony, Rainbow Reveal Sunny - Barneleker.no\" \/>\n<meta property=\"og:description\" content=\"Bli kjent med Sunny Starscout, en jordpony fra Maretime Bay! Sunny er nysgjerrig, eventyrlystne og fast bestemt p\u00e5 \u00e5 gj\u00f8re verden til et bedre sted.&hellip;\" \/>\n<meta property=\"og:url\" content=\"https:\/\/barneleker.no\/index.php\/product\/my-little-pony-my-little-pony-rainbow-reveal-sunny\/\" \/>\n<meta property=\"og:site_name\" content=\"Barneleker.no\" \/>\n<meta property=\"article:modified_time\" content=\"2026-05-08T07:26:00+00:00\" \/>\n<meta name=\"twitter:card\" content=\"summary_large_image\" \/>\n<meta name=\"twitter:label1\" content=\"Ansl. lesetid\" \/>\n\t<meta name=\"twitter:data1\" content=\"1 minutt\" \/>\n<script type=\"application\/ld+json\" class=\"yoast-schema-graph\">{\"@context\":\"https:\/\/schema.org\",\"@graph\":[{\"@type\":\"WebPage\",\"@id\":\"https:\/\/barneleker.no\/index.php\/product\/my-little-pony-my-little-pony-rainbow-reveal-sunny\/\",\"url\":\"https:\/\/barneleker.no\/index.php\/product\/my-little-pony-my-little-pony-rainbow-reveal-sunny\/\",\"name\":\"My Little Pony My little pony, Rainbow Reveal Sunny - Barneleker.no\",\"isPartOf\":{\"@id\":\"https:\/\/barneleker.no\/#website\"},\"primaryImageOfPage\":{\"@id\":\"https:\/\/barneleker.no\/index.php\/product\/my-little-pony-my-little-pony-rainbow-reveal-sunny\/#primaryimage\"},\"image\":{\"@id\":\"https:\/\/barneleker.no\/index.php\/product\/my-little-pony-my-little-pony-rainbow-reveal-sunny\/#primaryimage\"},\"thumbnailUrl\":\"https:\/\/barneleker.no\/wp-content\/uploads\/2022\/02\/my-little-pony-rainbow-reveal-sunny.jpg\",\"datePublished\":\"2022-02-08T20:05:22+00:00\",\"dateModified\":\"2026-05-08T07:26:00+00:00\",\"breadcrumb\":{\"@id\":\"https:\/\/barneleker.no\/index.php\/product\/my-little-pony-my-little-pony-rainbow-reveal-sunny\/#breadcrumb\"},\"inLanguage\":\"nb-NO\",\"potentialAction\":[{\"@type\":\"ReadAction\",\"target\":[\"https:\/\/barneleker.no\/index.php\/product\/my-little-pony-my-little-pony-rainbow-reveal-sunny\/\"]}]},{\"@type\":\"ImageObject\",\"inLanguage\":\"nb-NO\",\"@id\":\"https:\/\/barneleker.no\/index.php\/product\/my-little-pony-my-little-pony-rainbow-reveal-sunny\/#primaryimage\",\"url\":\"https:\/\/barneleker.no\/wp-content\/uploads\/2022\/02\/my-little-pony-rainbow-reveal-sunny.jpg\",\"contentUrl\":\"https:\/\/barneleker.no\/wp-content\/uploads\/2022\/02\/my-little-pony-rainbow-reveal-sunny.jpg\",\"width\":555,\"height\":555},{\"@type\":\"BreadcrumbList\",\"@id\":\"https:\/\/barneleker.no\/index.php\/product\/my-little-pony-my-little-pony-rainbow-reveal-sunny\/#breadcrumb\",\"itemListElement\":[{\"@type\":\"ListItem\",\"position\":1,\"name\":\"Butikken\",\"item\":\"https:\/\/barneleker.no\/\"},{\"@type\":\"ListItem\",\"position\":2,\"name\":\"My Little Pony My little pony, Rainbow Reveal Sunny\"}]},{\"@type\":\"WebSite\",\"@id\":\"https:\/\/barneleker.no\/#website\",\"url\":\"https:\/\/barneleker.no\/\",\"name\":\"Barneleker.no\",\"description\":\"Selvf\u00f8lgelig!\",\"publisher\":{\"@id\":\"https:\/\/barneleker.no\/#organization\"},\"potentialAction\":[{\"@type\":\"SearchAction\",\"target\":{\"@type\":\"EntryPoint\",\"urlTemplate\":\"https:\/\/barneleker.no\/?s={search_term_string}\"},\"query-input\":{\"@type\":\"PropertyValueSpecification\",\"valueRequired\":true,\"valueName\":\"search_term_string\"}}],\"inLanguage\":\"nb-NO\"},{\"@type\":\"Organization\",\"@id\":\"https:\/\/barneleker.no\/#organization\",\"name\":\"Barneleker.no\",\"url\":\"https:\/\/barneleker.no\/\",\"logo\":{\"@type\":\"ImageObject\",\"inLanguage\":\"nb-NO\",\"@id\":\"https:\/\/barneleker.no\/#\/schema\/logo\/image\/\",\"url\":\"https:\/\/barneleker.no\/wp-content\/uploads\/2021\/11\/barneleker_logo-780x150-1.jpg\",\"contentUrl\":\"https:\/\/barneleker.no\/wp-content\/uploads\/2021\/11\/barneleker_logo-780x150-1.jpg\",\"width\":780,\"height\":150,\"caption\":\"Barneleker.no\"},\"image\":{\"@id\":\"https:\/\/barneleker.no\/#\/schema\/logo\/image\/\"}}]}<\/script>\n<!-- \/ Yoast SEO plugin. -->","yoast_head_json":{"title":"My Little Pony My little pony, Rainbow Reveal Sunny - Barneleker.no","robots":{"index":"index","follow":"follow","max-snippet":"max-snippet:-1","max-image-preview":"max-image-preview:large","max-video-preview":"max-video-preview:-1"},"canonical":"https:\/\/barneleker.no\/index.php\/product\/my-little-pony-my-little-pony-rainbow-reveal-sunny\/","og_locale":"nb_NO","og_type":"article","og_title":"My Little Pony My little pony, Rainbow Reveal Sunny - Barneleker.no","og_description":"Bli kjent med Sunny Starscout, en jordpony fra Maretime Bay! Sunny er nysgjerrig, eventyrlystne og fast bestemt p\u00e5 \u00e5 gj\u00f8re verden til et bedre sted.&hellip;","og_url":"https:\/\/barneleker.no\/index.php\/product\/my-little-pony-my-little-pony-rainbow-reveal-sunny\/","og_site_name":"Barneleker.no","article_modified_time":"2026-05-08T07:26:00+00:00","twitter_card":"summary_large_image","twitter_misc":{"Ansl. lesetid":"1 minutt"},"schema":{"@context":"https:\/\/schema.org","@graph":[{"@type":"WebPage","@id":"https:\/\/barneleker.no\/index.php\/product\/my-little-pony-my-little-pony-rainbow-reveal-sunny\/","url":"https:\/\/barneleker.no\/index.php\/product\/my-little-pony-my-little-pony-rainbow-reveal-sunny\/","name":"My Little Pony My little pony, Rainbow Reveal Sunny - Barneleker.no","isPartOf":{"@id":"https:\/\/barneleker.no\/#website"},"primaryImageOfPage":{"@id":"https:\/\/barneleker.no\/index.php\/product\/my-little-pony-my-little-pony-rainbow-reveal-sunny\/#primaryimage"},"image":{"@id":"https:\/\/barneleker.no\/index.php\/product\/my-little-pony-my-little-pony-rainbow-reveal-sunny\/#primaryimage"},"thumbnailUrl":"https:\/\/barneleker.no\/wp-content\/uploads\/2022\/02\/my-little-pony-rainbow-reveal-sunny.jpg","datePublished":"2022-02-08T20:05:22+00:00","dateModified":"2026-05-08T07:26:00+00:00","breadcrumb":{"@id":"https:\/\/barneleker.no\/index.php\/product\/my-little-pony-my-little-pony-rainbow-reveal-sunny\/#breadcrumb"},"inLanguage":"nb-NO","potentialAction":[{"@type":"ReadAction","target":["https:\/\/barneleker.no\/index.php\/product\/my-little-pony-my-little-pony-rainbow-reveal-sunny\/"]}]},{"@type":"ImageObject","inLanguage":"nb-NO","@id":"https:\/\/barneleker.no\/index.php\/product\/my-little-pony-my-little-pony-rainbow-reveal-sunny\/#primaryimage","url":"https:\/\/barneleker.no\/wp-content\/uploads\/2022\/02\/my-little-pony-rainbow-reveal-sunny.jpg","contentUrl":"https:\/\/barneleker.no\/wp-content\/uploads\/2022\/02\/my-little-pony-rainbow-reveal-sunny.jpg","width":555,"height":555},{"@type":"BreadcrumbList","@id":"https:\/\/barneleker.no\/index.php\/product\/my-little-pony-my-little-pony-rainbow-reveal-sunny\/#breadcrumb","itemListElement":[{"@type":"ListItem","position":1,"name":"Butikken","item":"https:\/\/barneleker.no\/"},{"@type":"ListItem","position":2,"name":"My Little Pony My little pony, Rainbow Reveal Sunny"}]},{"@type":"WebSite","@id":"https:\/\/barneleker.no\/#website","url":"https:\/\/barneleker.no\/","name":"Barneleker.no","description":"Selvf\u00f8lgelig!","publisher":{"@id":"https:\/\/barneleker.no\/#organization"},"potentialAction":[{"@type":"SearchAction","target":{"@type":"EntryPoint","urlTemplate":"https:\/\/barneleker.no\/?s={search_term_string}"},"query-input":{"@type":"PropertyValueSpecification","valueRequired":true,"valueName":"search_term_string"}}],"inLanguage":"nb-NO"},{"@type":"Organization","@id":"https:\/\/barneleker.no\/#organization","name":"Barneleker.no","url":"https:\/\/barneleker.no\/","logo":{"@type":"ImageObject","inLanguage":"nb-NO","@id":"https:\/\/barneleker.no\/#\/schema\/logo\/image\/","url":"https:\/\/barneleker.no\/wp-content\/uploads\/2021\/11\/barneleker_logo-780x150-1.jpg","contentUrl":"https:\/\/barneleker.no\/wp-content\/uploads\/2021\/11\/barneleker_logo-780x150-1.jpg","width":780,"height":150,"caption":"Barneleker.no"},"image":{"@id":"https:\/\/barneleker.no\/#\/schema\/logo\/image\/"}}]}},"_links":{"self":[{"href":"https:\/\/barneleker.no\/index.php\/wp-json\/wp\/v2\/product\/14879","targetHints":{"allow":["GET"]}}],"collection":[{"href":"https:\/\/barneleker.no\/index.php\/wp-json\/wp\/v2\/product"}],"about":[{"href":"https:\/\/barneleker.no\/index.php\/wp-json\/wp\/v2\/types\/product"}],"replies":[{"embeddable":true,"href":"https:\/\/barneleker.no\/index.php\/wp-json\/wp\/v2\/comments?post=14879"}],"wp:featuredmedia":[{"embeddable":true,"href":"https:\/\/barneleker.no\/index.php\/wp-json\/wp\/v2\/media\/14878"}],"wp:attachment":[{"href":"https:\/\/barneleker.no\/index.php\/wp-json\/wp\/v2\/media?parent=14879"}],"wp:term":[{"taxonomy":"product_brand","embeddable":true,"href":"https:\/\/barneleker.no\/index.php\/wp-json\/wp\/v2\/product_brand?post=14879"},{"taxonomy":"product_cat","embeddable":true,"href":"https:\/\/barneleker.no\/index.php\/wp-json\/wp\/v2\/product_cat?post=14879"},{"taxonomy":"product_tag","embeddable":true,"href":"https:\/\/barneleker.no\/index.php\/wp-json\/wp\/v2\/product_tag?post=14879"}],"curies":[{"name":"wp","href":"https:\/\/api.w.org\/{rel}","templated":true}]}}