{"id":14881,"date":"2022-02-08T20:05:22","date_gmt":"2022-02-08T20:05:22","guid":{"rendered":"https:\/\/barneleker.no\/index.php\/product\/playmobil-1-2-3-6774-soppelbil\/"},"modified":"2026-05-12T23:43:12","modified_gmt":"2026-05-12T23:43:12","slug":"playmobil-1-2-3-6774-soppelbil","status":"publish","type":"product","link":"https:\/\/barneleker.no\/index.php\/product\/playmobil-1-2-3-6774-soppelbil\/","title":{"rendered":"Playmobil 1.2.3 6774, S\u00f8ppelbil"},"content":{"rendered":"<p>Denne hyggelige campingvognen til de sm\u00e5 barna fra Playmobil har forskjellige sorteringsfunksjoner for s\u00f8ppel og er veldig bra \u00e5 ha n\u00e5r du vil holde det rent og ryddig i byen. Figuren er inkludert! Skarpe farger, runde former og forskjellige spillaktiviteter karakteriserer PLAYMOBIL 1.2.3. Disse multifunksjonelle og trygge settene hjelper barn \u00e5 l\u00e6re og utvikle sin finmotorikk mens de har det g\u00f8y i underveis. Alle produkter er hygieniske, enkle \u00e5 rengj\u00f8re, fargeekte og inneholder ingen sm\u00e5 deler som kan svelges &#8211; den ideelle gaven til sm\u00e5 oppdagelsesreisende. For barn fra 18 m\u00e5neder.<\/p>\n","protected":false},"excerpt":{"rendered":"<p>Denne hyggelige campingvognen til de sm\u00e5 barna fra Playmobil har forskjellige sorteringsfunksjoner for s\u00f8ppel og er veldig bra \u00e5 ha n\u00e5r du vil holde det&hellip;<\/p>\n","protected":false},"featured_media":14880,"comment_status":"open","ping_status":"closed","template":"","meta":[],"product_brand":[],"product_cat":[477],"product_tag":[],"class_list":{"0":"post-14881","1":"product","2":"type-product","3":"status-publish","4":"has-post-thumbnail","6":"product_cat-arbetsfordon-figurer-robotar","8":"first","9":"instock","10":"shipping-taxable","11":"product-type-external","12":"customify-col"},"yoast_head":"<!-- This site is optimized with the Yoast SEO plugin v26.0 - https:\/\/yoast.com\/wordpress\/plugins\/seo\/ -->\n<title>Playmobil 1.2.3 6774, S\u00f8ppelbil - Barneleker.no<\/title>\n<meta name=\"robots\" content=\"index, follow, max-snippet:-1, max-image-preview:large, max-video-preview:-1\" \/>\n<link rel=\"canonical\" href=\"https:\/\/barneleker.no\/index.php\/product\/playmobil-1-2-3-6774-soppelbil\/\" \/>\n<meta property=\"og:locale\" content=\"nb_NO\" \/>\n<meta property=\"og:type\" content=\"article\" \/>\n<meta property=\"og:title\" content=\"Playmobil 1.2.3 6774, S\u00f8ppelbil - Barneleker.no\" \/>\n<meta property=\"og:description\" content=\"Denne hyggelige campingvognen til de sm\u00e5 barna fra Playmobil har forskjellige sorteringsfunksjoner for s\u00f8ppel og er veldig bra \u00e5 ha n\u00e5r du vil holde det&hellip;\" \/>\n<meta property=\"og:url\" content=\"https:\/\/barneleker.no\/index.php\/product\/playmobil-1-2-3-6774-soppelbil\/\" \/>\n<meta property=\"og:site_name\" content=\"Barneleker.no\" \/>\n<meta property=\"article:modified_time\" content=\"2026-05-12T23:43:12+00:00\" \/>\n<meta name=\"twitter:card\" content=\"summary_large_image\" \/>\n<script type=\"application\/ld+json\" class=\"yoast-schema-graph\">{\"@context\":\"https:\/\/schema.org\",\"@graph\":[{\"@type\":\"WebPage\",\"@id\":\"https:\/\/barneleker.no\/index.php\/product\/playmobil-1-2-3-6774-soppelbil\/\",\"url\":\"https:\/\/barneleker.no\/index.php\/product\/playmobil-1-2-3-6774-soppelbil\/\",\"name\":\"Playmobil 1.2.3 6774, S\u00f8ppelbil - Barneleker.no\",\"isPartOf\":{\"@id\":\"https:\/\/barneleker.no\/#website\"},\"primaryImageOfPage\":{\"@id\":\"https:\/\/barneleker.no\/index.php\/product\/playmobil-1-2-3-6774-soppelbil\/#primaryimage\"},\"image\":{\"@id\":\"https:\/\/barneleker.no\/index.php\/product\/playmobil-1-2-3-6774-soppelbil\/#primaryimage\"},\"thumbnailUrl\":\"https:\/\/barneleker.no\/wp-content\/uploads\/2022\/02\/playmobil-1-2-3-6774-soppelbil.jpg\",\"datePublished\":\"2022-02-08T20:05:22+00:00\",\"dateModified\":\"2026-05-12T23:43:12+00:00\",\"breadcrumb\":{\"@id\":\"https:\/\/barneleker.no\/index.php\/product\/playmobil-1-2-3-6774-soppelbil\/#breadcrumb\"},\"inLanguage\":\"nb-NO\",\"potentialAction\":[{\"@type\":\"ReadAction\",\"target\":[\"https:\/\/barneleker.no\/index.php\/product\/playmobil-1-2-3-6774-soppelbil\/\"]}]},{\"@type\":\"ImageObject\",\"inLanguage\":\"nb-NO\",\"@id\":\"https:\/\/barneleker.no\/index.php\/product\/playmobil-1-2-3-6774-soppelbil\/#primaryimage\",\"url\":\"https:\/\/barneleker.no\/wp-content\/uploads\/2022\/02\/playmobil-1-2-3-6774-soppelbil.jpg\",\"contentUrl\":\"https:\/\/barneleker.no\/wp-content\/uploads\/2022\/02\/playmobil-1-2-3-6774-soppelbil.jpg\",\"width\":555,\"height\":555},{\"@type\":\"BreadcrumbList\",\"@id\":\"https:\/\/barneleker.no\/index.php\/product\/playmobil-1-2-3-6774-soppelbil\/#breadcrumb\",\"itemListElement\":[{\"@type\":\"ListItem\",\"position\":1,\"name\":\"Butikken\",\"item\":\"https:\/\/barneleker.no\/\"},{\"@type\":\"ListItem\",\"position\":2,\"name\":\"Playmobil 1.2.3 6774, S\u00f8ppelbil\"}]},{\"@type\":\"WebSite\",\"@id\":\"https:\/\/barneleker.no\/#website\",\"url\":\"https:\/\/barneleker.no\/\",\"name\":\"Barneleker.no\",\"description\":\"Selvf\u00f8lgelig!\",\"publisher\":{\"@id\":\"https:\/\/barneleker.no\/#organization\"},\"potentialAction\":[{\"@type\":\"SearchAction\",\"target\":{\"@type\":\"EntryPoint\",\"urlTemplate\":\"https:\/\/barneleker.no\/?s={search_term_string}\"},\"query-input\":{\"@type\":\"PropertyValueSpecification\",\"valueRequired\":true,\"valueName\":\"search_term_string\"}}],\"inLanguage\":\"nb-NO\"},{\"@type\":\"Organization\",\"@id\":\"https:\/\/barneleker.no\/#organization\",\"name\":\"Barneleker.no\",\"url\":\"https:\/\/barneleker.no\/\",\"logo\":{\"@type\":\"ImageObject\",\"inLanguage\":\"nb-NO\",\"@id\":\"https:\/\/barneleker.no\/#\/schema\/logo\/image\/\",\"url\":\"https:\/\/barneleker.no\/wp-content\/uploads\/2021\/11\/barneleker_logo-780x150-1.jpg\",\"contentUrl\":\"https:\/\/barneleker.no\/wp-content\/uploads\/2021\/11\/barneleker_logo-780x150-1.jpg\",\"width\":780,\"height\":150,\"caption\":\"Barneleker.no\"},\"image\":{\"@id\":\"https:\/\/barneleker.no\/#\/schema\/logo\/image\/\"}}]}<\/script>\n<!-- \/ Yoast SEO plugin. -->","yoast_head_json":{"title":"Playmobil 1.2.3 6774, S\u00f8ppelbil - Barneleker.no","robots":{"index":"index","follow":"follow","max-snippet":"max-snippet:-1","max-image-preview":"max-image-preview:large","max-video-preview":"max-video-preview:-1"},"canonical":"https:\/\/barneleker.no\/index.php\/product\/playmobil-1-2-3-6774-soppelbil\/","og_locale":"nb_NO","og_type":"article","og_title":"Playmobil 1.2.3 6774, S\u00f8ppelbil - Barneleker.no","og_description":"Denne hyggelige campingvognen til de sm\u00e5 barna fra Playmobil har forskjellige sorteringsfunksjoner for s\u00f8ppel og er veldig bra \u00e5 ha n\u00e5r du vil holde det&hellip;","og_url":"https:\/\/barneleker.no\/index.php\/product\/playmobil-1-2-3-6774-soppelbil\/","og_site_name":"Barneleker.no","article_modified_time":"2026-05-12T23:43:12+00:00","twitter_card":"summary_large_image","schema":{"@context":"https:\/\/schema.org","@graph":[{"@type":"WebPage","@id":"https:\/\/barneleker.no\/index.php\/product\/playmobil-1-2-3-6774-soppelbil\/","url":"https:\/\/barneleker.no\/index.php\/product\/playmobil-1-2-3-6774-soppelbil\/","name":"Playmobil 1.2.3 6774, S\u00f8ppelbil - Barneleker.no","isPartOf":{"@id":"https:\/\/barneleker.no\/#website"},"primaryImageOfPage":{"@id":"https:\/\/barneleker.no\/index.php\/product\/playmobil-1-2-3-6774-soppelbil\/#primaryimage"},"image":{"@id":"https:\/\/barneleker.no\/index.php\/product\/playmobil-1-2-3-6774-soppelbil\/#primaryimage"},"thumbnailUrl":"https:\/\/barneleker.no\/wp-content\/uploads\/2022\/02\/playmobil-1-2-3-6774-soppelbil.jpg","datePublished":"2022-02-08T20:05:22+00:00","dateModified":"2026-05-12T23:43:12+00:00","breadcrumb":{"@id":"https:\/\/barneleker.no\/index.php\/product\/playmobil-1-2-3-6774-soppelbil\/#breadcrumb"},"inLanguage":"nb-NO","potentialAction":[{"@type":"ReadAction","target":["https:\/\/barneleker.no\/index.php\/product\/playmobil-1-2-3-6774-soppelbil\/"]}]},{"@type":"ImageObject","inLanguage":"nb-NO","@id":"https:\/\/barneleker.no\/index.php\/product\/playmobil-1-2-3-6774-soppelbil\/#primaryimage","url":"https:\/\/barneleker.no\/wp-content\/uploads\/2022\/02\/playmobil-1-2-3-6774-soppelbil.jpg","contentUrl":"https:\/\/barneleker.no\/wp-content\/uploads\/2022\/02\/playmobil-1-2-3-6774-soppelbil.jpg","width":555,"height":555},{"@type":"BreadcrumbList","@id":"https:\/\/barneleker.no\/index.php\/product\/playmobil-1-2-3-6774-soppelbil\/#breadcrumb","itemListElement":[{"@type":"ListItem","position":1,"name":"Butikken","item":"https:\/\/barneleker.no\/"},{"@type":"ListItem","position":2,"name":"Playmobil 1.2.3 6774, S\u00f8ppelbil"}]},{"@type":"WebSite","@id":"https:\/\/barneleker.no\/#website","url":"https:\/\/barneleker.no\/","name":"Barneleker.no","description":"Selvf\u00f8lgelig!","publisher":{"@id":"https:\/\/barneleker.no\/#organization"},"potentialAction":[{"@type":"SearchAction","target":{"@type":"EntryPoint","urlTemplate":"https:\/\/barneleker.no\/?s={search_term_string}"},"query-input":{"@type":"PropertyValueSpecification","valueRequired":true,"valueName":"search_term_string"}}],"inLanguage":"nb-NO"},{"@type":"Organization","@id":"https:\/\/barneleker.no\/#organization","name":"Barneleker.no","url":"https:\/\/barneleker.no\/","logo":{"@type":"ImageObject","inLanguage":"nb-NO","@id":"https:\/\/barneleker.no\/#\/schema\/logo\/image\/","url":"https:\/\/barneleker.no\/wp-content\/uploads\/2021\/11\/barneleker_logo-780x150-1.jpg","contentUrl":"https:\/\/barneleker.no\/wp-content\/uploads\/2021\/11\/barneleker_logo-780x150-1.jpg","width":780,"height":150,"caption":"Barneleker.no"},"image":{"@id":"https:\/\/barneleker.no\/#\/schema\/logo\/image\/"}}]}},"_links":{"self":[{"href":"https:\/\/barneleker.no\/index.php\/wp-json\/wp\/v2\/product\/14881","targetHints":{"allow":["GET"]}}],"collection":[{"href":"https:\/\/barneleker.no\/index.php\/wp-json\/wp\/v2\/product"}],"about":[{"href":"https:\/\/barneleker.no\/index.php\/wp-json\/wp\/v2\/types\/product"}],"replies":[{"embeddable":true,"href":"https:\/\/barneleker.no\/index.php\/wp-json\/wp\/v2\/comments?post=14881"}],"wp:featuredmedia":[{"embeddable":true,"href":"https:\/\/barneleker.no\/index.php\/wp-json\/wp\/v2\/media\/14880"}],"wp:attachment":[{"href":"https:\/\/barneleker.no\/index.php\/wp-json\/wp\/v2\/media?parent=14881"}],"wp:term":[{"taxonomy":"product_brand","embeddable":true,"href":"https:\/\/barneleker.no\/index.php\/wp-json\/wp\/v2\/product_brand?post=14881"},{"taxonomy":"product_cat","embeddable":true,"href":"https:\/\/barneleker.no\/index.php\/wp-json\/wp\/v2\/product_cat?post=14881"},{"taxonomy":"product_tag","embeddable":true,"href":"https:\/\/barneleker.no\/index.php\/wp-json\/wp\/v2\/product_tag?post=14881"}],"curies":[{"name":"wp","href":"https:\/\/api.w.org\/{rel}","templated":true}]}}