{"id":14889,"date":"2022-02-08T20:05:26","date_gmt":"2022-02-08T20:05:26","guid":{"rendered":"https:\/\/barneleker.no\/index.php\/product\/micki-leksaker-micki-vevramme-pastell\/"},"modified":"2026-04-17T09:51:42","modified_gmt":"2026-04-17T09:51:42","slug":"micki-leksaker-micki-vevramme-pastell","status":"publish","type":"product","link":"https:\/\/barneleker.no\/index.php\/product\/micki-leksaker-micki-vevramme-pastell\/","title":{"rendered":"Micki Leksaker Micki, Vevramme Pastell"},"content":{"rendered":"<p>Den klassiske vevrammen fra Micki Toys, bruker vi til \u00e5 veve fine tepper til dukkehuset, sm\u00e5 duker for mor og pappa eller hvorfor ikke til et lite bord? Perfekt for sm\u00e5 barn som like \u00e5 pusle med hobbysaker. To garnn\u00f8ster p\u00e5 10 meter og 10m ekstra tr\u00e5d er inkludert. Bredden p\u00e5 veven er 15 cm.<\/p>\n","protected":false},"excerpt":{"rendered":"<p>Den klassiske vevrammen fra Micki Toys, bruker vi til \u00e5 veve fine tepper til dukkehuset, sm\u00e5 duker for mor og pappa eller hvorfor ikke til&hellip;<\/p>\n","protected":false},"featured_media":14888,"comment_status":"open","ping_status":"closed","template":"","meta":[],"product_brand":[],"product_cat":[586],"product_tag":[],"class_list":{"0":"post-14889","1":"product","2":"type-product","3":"status-publish","4":"has-post-thumbnail","6":"product_cat-pyssel-pyssla-skapa","8":"first","9":"instock","10":"shipping-taxable","11":"product-type-external","12":"customify-col"},"yoast_head":"<!-- This site is optimized with the Yoast SEO plugin v26.0 - https:\/\/yoast.com\/wordpress\/plugins\/seo\/ -->\n<title>Micki Leksaker Micki, Vevramme Pastell - Barneleker.no<\/title>\n<meta name=\"robots\" content=\"index, follow, max-snippet:-1, max-image-preview:large, max-video-preview:-1\" \/>\n<link rel=\"canonical\" href=\"https:\/\/barneleker.no\/index.php\/product\/micki-leksaker-micki-vevramme-pastell\/\" \/>\n<meta property=\"og:locale\" content=\"nb_NO\" \/>\n<meta property=\"og:type\" content=\"article\" \/>\n<meta property=\"og:title\" content=\"Micki Leksaker Micki, Vevramme Pastell - Barneleker.no\" \/>\n<meta property=\"og:description\" content=\"Den klassiske vevrammen fra Micki Toys, bruker vi til \u00e5 veve fine tepper til dukkehuset, sm\u00e5 duker for mor og pappa eller hvorfor ikke til&hellip;\" \/>\n<meta property=\"og:url\" content=\"https:\/\/barneleker.no\/index.php\/product\/micki-leksaker-micki-vevramme-pastell\/\" \/>\n<meta property=\"og:site_name\" content=\"Barneleker.no\" \/>\n<meta property=\"article:modified_time\" content=\"2026-04-17T09:51:42+00:00\" \/>\n<meta name=\"twitter:card\" content=\"summary_large_image\" \/>\n<script type=\"application\/ld+json\" class=\"yoast-schema-graph\">{\"@context\":\"https:\/\/schema.org\",\"@graph\":[{\"@type\":\"WebPage\",\"@id\":\"https:\/\/barneleker.no\/index.php\/product\/micki-leksaker-micki-vevramme-pastell\/\",\"url\":\"https:\/\/barneleker.no\/index.php\/product\/micki-leksaker-micki-vevramme-pastell\/\",\"name\":\"Micki Leksaker Micki, Vevramme Pastell - Barneleker.no\",\"isPartOf\":{\"@id\":\"https:\/\/barneleker.no\/#website\"},\"primaryImageOfPage\":{\"@id\":\"https:\/\/barneleker.no\/index.php\/product\/micki-leksaker-micki-vevramme-pastell\/#primaryimage\"},\"image\":{\"@id\":\"https:\/\/barneleker.no\/index.php\/product\/micki-leksaker-micki-vevramme-pastell\/#primaryimage\"},\"thumbnailUrl\":\"https:\/\/barneleker.no\/wp-content\/uploads\/2022\/02\/micki-vevramme-pastell.jpg\",\"datePublished\":\"2022-02-08T20:05:26+00:00\",\"dateModified\":\"2026-04-17T09:51:42+00:00\",\"breadcrumb\":{\"@id\":\"https:\/\/barneleker.no\/index.php\/product\/micki-leksaker-micki-vevramme-pastell\/#breadcrumb\"},\"inLanguage\":\"nb-NO\",\"potentialAction\":[{\"@type\":\"ReadAction\",\"target\":[\"https:\/\/barneleker.no\/index.php\/product\/micki-leksaker-micki-vevramme-pastell\/\"]}]},{\"@type\":\"ImageObject\",\"inLanguage\":\"nb-NO\",\"@id\":\"https:\/\/barneleker.no\/index.php\/product\/micki-leksaker-micki-vevramme-pastell\/#primaryimage\",\"url\":\"https:\/\/barneleker.no\/wp-content\/uploads\/2022\/02\/micki-vevramme-pastell.jpg\",\"contentUrl\":\"https:\/\/barneleker.no\/wp-content\/uploads\/2022\/02\/micki-vevramme-pastell.jpg\",\"width\":555,\"height\":555},{\"@type\":\"BreadcrumbList\",\"@id\":\"https:\/\/barneleker.no\/index.php\/product\/micki-leksaker-micki-vevramme-pastell\/#breadcrumb\",\"itemListElement\":[{\"@type\":\"ListItem\",\"position\":1,\"name\":\"Butikken\",\"item\":\"https:\/\/barneleker.no\/\"},{\"@type\":\"ListItem\",\"position\":2,\"name\":\"Micki Leksaker Micki, Vevramme Pastell\"}]},{\"@type\":\"WebSite\",\"@id\":\"https:\/\/barneleker.no\/#website\",\"url\":\"https:\/\/barneleker.no\/\",\"name\":\"Barneleker.no\",\"description\":\"Selvf\u00f8lgelig!\",\"publisher\":{\"@id\":\"https:\/\/barneleker.no\/#organization\"},\"potentialAction\":[{\"@type\":\"SearchAction\",\"target\":{\"@type\":\"EntryPoint\",\"urlTemplate\":\"https:\/\/barneleker.no\/?s={search_term_string}\"},\"query-input\":{\"@type\":\"PropertyValueSpecification\",\"valueRequired\":true,\"valueName\":\"search_term_string\"}}],\"inLanguage\":\"nb-NO\"},{\"@type\":\"Organization\",\"@id\":\"https:\/\/barneleker.no\/#organization\",\"name\":\"Barneleker.no\",\"url\":\"https:\/\/barneleker.no\/\",\"logo\":{\"@type\":\"ImageObject\",\"inLanguage\":\"nb-NO\",\"@id\":\"https:\/\/barneleker.no\/#\/schema\/logo\/image\/\",\"url\":\"https:\/\/barneleker.no\/wp-content\/uploads\/2021\/11\/barneleker_logo-780x150-1.jpg\",\"contentUrl\":\"https:\/\/barneleker.no\/wp-content\/uploads\/2021\/11\/barneleker_logo-780x150-1.jpg\",\"width\":780,\"height\":150,\"caption\":\"Barneleker.no\"},\"image\":{\"@id\":\"https:\/\/barneleker.no\/#\/schema\/logo\/image\/\"}}]}<\/script>\n<!-- \/ Yoast SEO plugin. -->","yoast_head_json":{"title":"Micki Leksaker Micki, Vevramme Pastell - Barneleker.no","robots":{"index":"index","follow":"follow","max-snippet":"max-snippet:-1","max-image-preview":"max-image-preview:large","max-video-preview":"max-video-preview:-1"},"canonical":"https:\/\/barneleker.no\/index.php\/product\/micki-leksaker-micki-vevramme-pastell\/","og_locale":"nb_NO","og_type":"article","og_title":"Micki Leksaker Micki, Vevramme Pastell - Barneleker.no","og_description":"Den klassiske vevrammen fra Micki Toys, bruker vi til \u00e5 veve fine tepper til dukkehuset, sm\u00e5 duker for mor og pappa eller hvorfor ikke til&hellip;","og_url":"https:\/\/barneleker.no\/index.php\/product\/micki-leksaker-micki-vevramme-pastell\/","og_site_name":"Barneleker.no","article_modified_time":"2026-04-17T09:51:42+00:00","twitter_card":"summary_large_image","schema":{"@context":"https:\/\/schema.org","@graph":[{"@type":"WebPage","@id":"https:\/\/barneleker.no\/index.php\/product\/micki-leksaker-micki-vevramme-pastell\/","url":"https:\/\/barneleker.no\/index.php\/product\/micki-leksaker-micki-vevramme-pastell\/","name":"Micki Leksaker Micki, Vevramme Pastell - Barneleker.no","isPartOf":{"@id":"https:\/\/barneleker.no\/#website"},"primaryImageOfPage":{"@id":"https:\/\/barneleker.no\/index.php\/product\/micki-leksaker-micki-vevramme-pastell\/#primaryimage"},"image":{"@id":"https:\/\/barneleker.no\/index.php\/product\/micki-leksaker-micki-vevramme-pastell\/#primaryimage"},"thumbnailUrl":"https:\/\/barneleker.no\/wp-content\/uploads\/2022\/02\/micki-vevramme-pastell.jpg","datePublished":"2022-02-08T20:05:26+00:00","dateModified":"2026-04-17T09:51:42+00:00","breadcrumb":{"@id":"https:\/\/barneleker.no\/index.php\/product\/micki-leksaker-micki-vevramme-pastell\/#breadcrumb"},"inLanguage":"nb-NO","potentialAction":[{"@type":"ReadAction","target":["https:\/\/barneleker.no\/index.php\/product\/micki-leksaker-micki-vevramme-pastell\/"]}]},{"@type":"ImageObject","inLanguage":"nb-NO","@id":"https:\/\/barneleker.no\/index.php\/product\/micki-leksaker-micki-vevramme-pastell\/#primaryimage","url":"https:\/\/barneleker.no\/wp-content\/uploads\/2022\/02\/micki-vevramme-pastell.jpg","contentUrl":"https:\/\/barneleker.no\/wp-content\/uploads\/2022\/02\/micki-vevramme-pastell.jpg","width":555,"height":555},{"@type":"BreadcrumbList","@id":"https:\/\/barneleker.no\/index.php\/product\/micki-leksaker-micki-vevramme-pastell\/#breadcrumb","itemListElement":[{"@type":"ListItem","position":1,"name":"Butikken","item":"https:\/\/barneleker.no\/"},{"@type":"ListItem","position":2,"name":"Micki Leksaker Micki, Vevramme Pastell"}]},{"@type":"WebSite","@id":"https:\/\/barneleker.no\/#website","url":"https:\/\/barneleker.no\/","name":"Barneleker.no","description":"Selvf\u00f8lgelig!","publisher":{"@id":"https:\/\/barneleker.no\/#organization"},"potentialAction":[{"@type":"SearchAction","target":{"@type":"EntryPoint","urlTemplate":"https:\/\/barneleker.no\/?s={search_term_string}"},"query-input":{"@type":"PropertyValueSpecification","valueRequired":true,"valueName":"search_term_string"}}],"inLanguage":"nb-NO"},{"@type":"Organization","@id":"https:\/\/barneleker.no\/#organization","name":"Barneleker.no","url":"https:\/\/barneleker.no\/","logo":{"@type":"ImageObject","inLanguage":"nb-NO","@id":"https:\/\/barneleker.no\/#\/schema\/logo\/image\/","url":"https:\/\/barneleker.no\/wp-content\/uploads\/2021\/11\/barneleker_logo-780x150-1.jpg","contentUrl":"https:\/\/barneleker.no\/wp-content\/uploads\/2021\/11\/barneleker_logo-780x150-1.jpg","width":780,"height":150,"caption":"Barneleker.no"},"image":{"@id":"https:\/\/barneleker.no\/#\/schema\/logo\/image\/"}}]}},"_links":{"self":[{"href":"https:\/\/barneleker.no\/index.php\/wp-json\/wp\/v2\/product\/14889","targetHints":{"allow":["GET"]}}],"collection":[{"href":"https:\/\/barneleker.no\/index.php\/wp-json\/wp\/v2\/product"}],"about":[{"href":"https:\/\/barneleker.no\/index.php\/wp-json\/wp\/v2\/types\/product"}],"replies":[{"embeddable":true,"href":"https:\/\/barneleker.no\/index.php\/wp-json\/wp\/v2\/comments?post=14889"}],"wp:featuredmedia":[{"embeddable":true,"href":"https:\/\/barneleker.no\/index.php\/wp-json\/wp\/v2\/media\/14888"}],"wp:attachment":[{"href":"https:\/\/barneleker.no\/index.php\/wp-json\/wp\/v2\/media?parent=14889"}],"wp:term":[{"taxonomy":"product_brand","embeddable":true,"href":"https:\/\/barneleker.no\/index.php\/wp-json\/wp\/v2\/product_brand?post=14889"},{"taxonomy":"product_cat","embeddable":true,"href":"https:\/\/barneleker.no\/index.php\/wp-json\/wp\/v2\/product_cat?post=14889"},{"taxonomy":"product_tag","embeddable":true,"href":"https:\/\/barneleker.no\/index.php\/wp-json\/wp\/v2\/product_tag?post=14889"}],"curies":[{"name":"wp","href":"https:\/\/api.w.org\/{rel}","templated":true}]}}