{"id":14907,"date":"2022-02-08T20:05:32","date_gmt":"2022-02-08T20:05:32","guid":{"rendered":"https:\/\/barneleker.no\/index.php\/product\/schleich-trening-for-vingede-babylover\/"},"modified":"2026-04-17T09:53:03","modified_gmt":"2026-04-17T09:53:03","slug":"schleich-trening-for-vingede-babylover","status":"publish","type":"product","link":"https:\/\/barneleker.no\/index.php\/product\/schleich-trening-for-vingede-babylover\/","title":{"rendered":"Schleich, Trening for vingede babyl\u00f8ver"},"content":{"rendered":"<p>P\u00e5 treningen for bevingede babyl\u00f8ver i bayala\u00ae g\u00e5r det vilt for seg. De to babyl\u00f8vene vil nemlig snart fly majestetisk gjennom luften. Men ettersom vingene deres er s\u00e5 sm\u00e5 enda, er treningen forel\u00f8pig en lek p\u00e5 bakken. De har en bue med to sokler og en ring, og kan springe over buen, hoppe gjennom ringen eller pr\u00f8ve seg p\u00e5 litt flying. Men det er ikke nok. Men \u00e9n labb kan babyl\u00f8vene snu buen og bruke den som dumphuske! Da kan de huske i vei s\u00e5 mye de vil. Mens de \u00f8ver p\u00e5 kunststykkene sine, skjer det mange morsomme ting. Noen ganger faller en av dem ned, men de sl\u00e5r seg ikke. Hele bayala h\u00f8rer at de mjauer og koser seg , og alle elsker de s\u00f8te sm\u00e5 l\u00f8vene med vinger.<\/p>\n","protected":false},"excerpt":{"rendered":"<p>P\u00e5 treningen for bevingede babyl\u00f8ver i bayala\u00ae g\u00e5r det vilt for seg. De to babyl\u00f8vene vil nemlig snart fly majestetisk gjennom luften. Men ettersom vingene&hellip;<\/p>\n","protected":false},"featured_media":14906,"comment_status":"open","ping_status":"closed","template":"","meta":[],"product_brand":[],"product_cat":[374],"product_tag":[],"class_list":{"0":"post-14907","1":"product","2":"type-product","3":"status-publish","4":"has-post-thumbnail","6":"product_cat-vilda-djur","8":"first","9":"instock","10":"shipping-taxable","11":"product-type-external","12":"customify-col"},"yoast_head":"<!-- This site is optimized with the Yoast SEO plugin v26.0 - https:\/\/yoast.com\/wordpress\/plugins\/seo\/ -->\n<title>Schleich, Trening for vingede babyl\u00f8ver - Barneleker.no<\/title>\n<meta name=\"robots\" content=\"index, follow, max-snippet:-1, max-image-preview:large, max-video-preview:-1\" \/>\n<link rel=\"canonical\" href=\"https:\/\/barneleker.no\/index.php\/product\/schleich-trening-for-vingede-babylover\/\" \/>\n<meta property=\"og:locale\" content=\"nb_NO\" \/>\n<meta property=\"og:type\" content=\"article\" \/>\n<meta property=\"og:title\" content=\"Schleich, Trening for vingede babyl\u00f8ver - Barneleker.no\" \/>\n<meta property=\"og:description\" content=\"P\u00e5 treningen for bevingede babyl\u00f8ver i bayala\u00ae g\u00e5r det vilt for seg. De to babyl\u00f8vene vil nemlig snart fly majestetisk gjennom luften. Men ettersom vingene&hellip;\" \/>\n<meta property=\"og:url\" content=\"https:\/\/barneleker.no\/index.php\/product\/schleich-trening-for-vingede-babylover\/\" \/>\n<meta property=\"og:site_name\" content=\"Barneleker.no\" \/>\n<meta property=\"article:modified_time\" content=\"2026-04-17T09:53:03+00:00\" \/>\n<meta name=\"twitter:card\" content=\"summary_large_image\" \/>\n<meta name=\"twitter:label1\" content=\"Ansl. lesetid\" \/>\n\t<meta name=\"twitter:data1\" content=\"1 minutt\" \/>\n<script type=\"application\/ld+json\" class=\"yoast-schema-graph\">{\"@context\":\"https:\/\/schema.org\",\"@graph\":[{\"@type\":\"WebPage\",\"@id\":\"https:\/\/barneleker.no\/index.php\/product\/schleich-trening-for-vingede-babylover\/\",\"url\":\"https:\/\/barneleker.no\/index.php\/product\/schleich-trening-for-vingede-babylover\/\",\"name\":\"Schleich, Trening for vingede babyl\u00f8ver - Barneleker.no\",\"isPartOf\":{\"@id\":\"https:\/\/barneleker.no\/#website\"},\"primaryImageOfPage\":{\"@id\":\"https:\/\/barneleker.no\/index.php\/product\/schleich-trening-for-vingede-babylover\/#primaryimage\"},\"image\":{\"@id\":\"https:\/\/barneleker.no\/index.php\/product\/schleich-trening-for-vingede-babylover\/#primaryimage\"},\"thumbnailUrl\":\"https:\/\/barneleker.no\/wp-content\/uploads\/2022\/02\/schleich-trening-for-vingede-babylover.jpg\",\"datePublished\":\"2022-02-08T20:05:32+00:00\",\"dateModified\":\"2026-04-17T09:53:03+00:00\",\"breadcrumb\":{\"@id\":\"https:\/\/barneleker.no\/index.php\/product\/schleich-trening-for-vingede-babylover\/#breadcrumb\"},\"inLanguage\":\"nb-NO\",\"potentialAction\":[{\"@type\":\"ReadAction\",\"target\":[\"https:\/\/barneleker.no\/index.php\/product\/schleich-trening-for-vingede-babylover\/\"]}]},{\"@type\":\"ImageObject\",\"inLanguage\":\"nb-NO\",\"@id\":\"https:\/\/barneleker.no\/index.php\/product\/schleich-trening-for-vingede-babylover\/#primaryimage\",\"url\":\"https:\/\/barneleker.no\/wp-content\/uploads\/2022\/02\/schleich-trening-for-vingede-babylover.jpg\",\"contentUrl\":\"https:\/\/barneleker.no\/wp-content\/uploads\/2022\/02\/schleich-trening-for-vingede-babylover.jpg\",\"width\":555,\"height\":555},{\"@type\":\"BreadcrumbList\",\"@id\":\"https:\/\/barneleker.no\/index.php\/product\/schleich-trening-for-vingede-babylover\/#breadcrumb\",\"itemListElement\":[{\"@type\":\"ListItem\",\"position\":1,\"name\":\"Butikken\",\"item\":\"https:\/\/barneleker.no\/\"},{\"@type\":\"ListItem\",\"position\":2,\"name\":\"Schleich, Trening for vingede babyl\u00f8ver\"}]},{\"@type\":\"WebSite\",\"@id\":\"https:\/\/barneleker.no\/#website\",\"url\":\"https:\/\/barneleker.no\/\",\"name\":\"Barneleker.no\",\"description\":\"Selvf\u00f8lgelig!\",\"publisher\":{\"@id\":\"https:\/\/barneleker.no\/#organization\"},\"potentialAction\":[{\"@type\":\"SearchAction\",\"target\":{\"@type\":\"EntryPoint\",\"urlTemplate\":\"https:\/\/barneleker.no\/?s={search_term_string}\"},\"query-input\":{\"@type\":\"PropertyValueSpecification\",\"valueRequired\":true,\"valueName\":\"search_term_string\"}}],\"inLanguage\":\"nb-NO\"},{\"@type\":\"Organization\",\"@id\":\"https:\/\/barneleker.no\/#organization\",\"name\":\"Barneleker.no\",\"url\":\"https:\/\/barneleker.no\/\",\"logo\":{\"@type\":\"ImageObject\",\"inLanguage\":\"nb-NO\",\"@id\":\"https:\/\/barneleker.no\/#\/schema\/logo\/image\/\",\"url\":\"https:\/\/barneleker.no\/wp-content\/uploads\/2021\/11\/barneleker_logo-780x150-1.jpg\",\"contentUrl\":\"https:\/\/barneleker.no\/wp-content\/uploads\/2021\/11\/barneleker_logo-780x150-1.jpg\",\"width\":780,\"height\":150,\"caption\":\"Barneleker.no\"},\"image\":{\"@id\":\"https:\/\/barneleker.no\/#\/schema\/logo\/image\/\"}}]}<\/script>\n<!-- \/ Yoast SEO plugin. -->","yoast_head_json":{"title":"Schleich, Trening for vingede babyl\u00f8ver - Barneleker.no","robots":{"index":"index","follow":"follow","max-snippet":"max-snippet:-1","max-image-preview":"max-image-preview:large","max-video-preview":"max-video-preview:-1"},"canonical":"https:\/\/barneleker.no\/index.php\/product\/schleich-trening-for-vingede-babylover\/","og_locale":"nb_NO","og_type":"article","og_title":"Schleich, Trening for vingede babyl\u00f8ver - Barneleker.no","og_description":"P\u00e5 treningen for bevingede babyl\u00f8ver i bayala\u00ae g\u00e5r det vilt for seg. De to babyl\u00f8vene vil nemlig snart fly majestetisk gjennom luften. Men ettersom vingene&hellip;","og_url":"https:\/\/barneleker.no\/index.php\/product\/schleich-trening-for-vingede-babylover\/","og_site_name":"Barneleker.no","article_modified_time":"2026-04-17T09:53:03+00:00","twitter_card":"summary_large_image","twitter_misc":{"Ansl. lesetid":"1 minutt"},"schema":{"@context":"https:\/\/schema.org","@graph":[{"@type":"WebPage","@id":"https:\/\/barneleker.no\/index.php\/product\/schleich-trening-for-vingede-babylover\/","url":"https:\/\/barneleker.no\/index.php\/product\/schleich-trening-for-vingede-babylover\/","name":"Schleich, Trening for vingede babyl\u00f8ver - Barneleker.no","isPartOf":{"@id":"https:\/\/barneleker.no\/#website"},"primaryImageOfPage":{"@id":"https:\/\/barneleker.no\/index.php\/product\/schleich-trening-for-vingede-babylover\/#primaryimage"},"image":{"@id":"https:\/\/barneleker.no\/index.php\/product\/schleich-trening-for-vingede-babylover\/#primaryimage"},"thumbnailUrl":"https:\/\/barneleker.no\/wp-content\/uploads\/2022\/02\/schleich-trening-for-vingede-babylover.jpg","datePublished":"2022-02-08T20:05:32+00:00","dateModified":"2026-04-17T09:53:03+00:00","breadcrumb":{"@id":"https:\/\/barneleker.no\/index.php\/product\/schleich-trening-for-vingede-babylover\/#breadcrumb"},"inLanguage":"nb-NO","potentialAction":[{"@type":"ReadAction","target":["https:\/\/barneleker.no\/index.php\/product\/schleich-trening-for-vingede-babylover\/"]}]},{"@type":"ImageObject","inLanguage":"nb-NO","@id":"https:\/\/barneleker.no\/index.php\/product\/schleich-trening-for-vingede-babylover\/#primaryimage","url":"https:\/\/barneleker.no\/wp-content\/uploads\/2022\/02\/schleich-trening-for-vingede-babylover.jpg","contentUrl":"https:\/\/barneleker.no\/wp-content\/uploads\/2022\/02\/schleich-trening-for-vingede-babylover.jpg","width":555,"height":555},{"@type":"BreadcrumbList","@id":"https:\/\/barneleker.no\/index.php\/product\/schleich-trening-for-vingede-babylover\/#breadcrumb","itemListElement":[{"@type":"ListItem","position":1,"name":"Butikken","item":"https:\/\/barneleker.no\/"},{"@type":"ListItem","position":2,"name":"Schleich, Trening for vingede babyl\u00f8ver"}]},{"@type":"WebSite","@id":"https:\/\/barneleker.no\/#website","url":"https:\/\/barneleker.no\/","name":"Barneleker.no","description":"Selvf\u00f8lgelig!","publisher":{"@id":"https:\/\/barneleker.no\/#organization"},"potentialAction":[{"@type":"SearchAction","target":{"@type":"EntryPoint","urlTemplate":"https:\/\/barneleker.no\/?s={search_term_string}"},"query-input":{"@type":"PropertyValueSpecification","valueRequired":true,"valueName":"search_term_string"}}],"inLanguage":"nb-NO"},{"@type":"Organization","@id":"https:\/\/barneleker.no\/#organization","name":"Barneleker.no","url":"https:\/\/barneleker.no\/","logo":{"@type":"ImageObject","inLanguage":"nb-NO","@id":"https:\/\/barneleker.no\/#\/schema\/logo\/image\/","url":"https:\/\/barneleker.no\/wp-content\/uploads\/2021\/11\/barneleker_logo-780x150-1.jpg","contentUrl":"https:\/\/barneleker.no\/wp-content\/uploads\/2021\/11\/barneleker_logo-780x150-1.jpg","width":780,"height":150,"caption":"Barneleker.no"},"image":{"@id":"https:\/\/barneleker.no\/#\/schema\/logo\/image\/"}}]}},"_links":{"self":[{"href":"https:\/\/barneleker.no\/index.php\/wp-json\/wp\/v2\/product\/14907","targetHints":{"allow":["GET"]}}],"collection":[{"href":"https:\/\/barneleker.no\/index.php\/wp-json\/wp\/v2\/product"}],"about":[{"href":"https:\/\/barneleker.no\/index.php\/wp-json\/wp\/v2\/types\/product"}],"replies":[{"embeddable":true,"href":"https:\/\/barneleker.no\/index.php\/wp-json\/wp\/v2\/comments?post=14907"}],"wp:featuredmedia":[{"embeddable":true,"href":"https:\/\/barneleker.no\/index.php\/wp-json\/wp\/v2\/media\/14906"}],"wp:attachment":[{"href":"https:\/\/barneleker.no\/index.php\/wp-json\/wp\/v2\/media?parent=14907"}],"wp:term":[{"taxonomy":"product_brand","embeddable":true,"href":"https:\/\/barneleker.no\/index.php\/wp-json\/wp\/v2\/product_brand?post=14907"},{"taxonomy":"product_cat","embeddable":true,"href":"https:\/\/barneleker.no\/index.php\/wp-json\/wp\/v2\/product_cat?post=14907"},{"taxonomy":"product_tag","embeddable":true,"href":"https:\/\/barneleker.no\/index.php\/wp-json\/wp\/v2\/product_tag?post=14907"}],"curies":[{"name":"wp","href":"https:\/\/api.w.org\/{rel}","templated":true}]}}